{"id":533,"date":"2023-09-14T15:17:45","date_gmt":"2023-09-14T15:17:45","guid":{"rendered":"https:\/\/digitalcommerce.fi\/media-release\/"},"modified":"2023-09-18T14:19:42","modified_gmt":"2023-09-18T14:19:42","slug":"media-release","status":"publish","type":"page","link":"https:\/\/digitalcommerce.fi\/en\/media-release\/","title":{"rendered":"Media release"},"content":{"rendered":"<style>.kb-row-layout-id252_8e1a71-50 > .kt-row-column-wrap{align-content:start;}:where(.kb-row-layout-id252_8e1a71-50 > .kt-row-column-wrap) > .wp-block-kadence-column{justify-content:start;}.kb-row-layout-id252_8e1a71-50 > .kt-row-column-wrap{column-gap:var(--global-kb-gap-md, 2rem);row-gap:var(--global-kb-gap-md, 2rem);max-width:800px;margin-left:auto;margin-right:auto;padding-top:var(--global-kb-spacing-xl, 4rem);padding-bottom:var(--global-kb-spacing-xxl, 5rem);grid-template-columns:minmax(0, 1fr);}.kb-row-layout-id252_8e1a71-50 > .kt-row-layout-overlay{opacity:0.30;}@media all and (max-width: 1024px){.kb-row-layout-id252_8e1a71-50 > .kt-row-column-wrap{grid-template-columns:minmax(0, 1fr);}}@media all and (max-width: 767px){.kb-row-layout-id252_8e1a71-50 > .kt-row-column-wrap{grid-template-columns:minmax(0, 1fr);}}<\/style><div class=\"kb-row-layout-wrap kb-row-layout-id252_8e1a71-50 alignnone wp-block-kadence-rowlayout\"><div class=\"kt-row-column-wrap kt-has-1-columns kt-row-layout-equal kt-tab-layout-inherit kt-mobile-layout-row kt-row-valign-top\">\n<style>.kadence-column252_a6bc2c-89 > .kt-inside-inner-col,.kadence-column252_a6bc2c-89 > .kt-inside-inner-col:before{border-top-left-radius:0px;border-top-right-radius:0px;border-bottom-right-radius:0px;border-bottom-left-radius:0px;}.kadence-column252_a6bc2c-89 > .kt-inside-inner-col{column-gap:var(--global-kb-gap-sm, 1rem);}.kadence-column252_a6bc2c-89 > .kt-inside-inner-col{flex-direction:column;}.kadence-column252_a6bc2c-89 > .kt-inside-inner-col > .aligncenter{width:100%;}.kadence-column252_a6bc2c-89 > .kt-inside-inner-col:before{opacity:0.3;}.kadence-column252_a6bc2c-89{position:relative;}@media all and (max-width: 1024px){.kadence-column252_a6bc2c-89 > .kt-inside-inner-col{flex-direction:column;justify-content:center;}}@media all and (max-width: 767px){.kadence-column252_a6bc2c-89 > .kt-inside-inner-col{flex-direction:column;justify-content:center;}}<\/style>\n<div class=\"wp-block-kadence-column kadence-column252_a6bc2c-89\"><div class=\"kt-inside-inner-col\">\n<h2 class=\"wp-block-heading\">Media release<\/h2>\n\n\n\n<p>  19.9.2023<\/p>\n\n\n\n<p><strong>Digital Commerce Finland launches its operations \u2013 aiming to create the world&#8217;s most competitive community of digital commerce in Finland<\/strong><\/p>\n\n\n\n<p> Digital Commerce Finland wants to accelerate the growth of digital commerce. The new community will include online stores and SMEs of the commercial sector as well as a wide range of parties interested in and influencing digital commerce.<br\/><\/p>\n\n\n\n<p>Digital Commerce Finland is a new societal and collaborative company that helps digital commerce grow faster. The company was born as a result of Business Finland&#8217;s long-term program activities, and it was presented for the first time today at an event organized by the Experience Commerce program of Business Finland.<\/p>\n\n\n\n<p>\u201cOur goal is to build the world&#8217;s most competitive digital commerce community in Finland. We want to use the entire network to spur market growth and Finnish competitiveness, as well as to strengthen the attractiveness of the industry,\u201d says Ville Simola who will start as the CEO of Digital Commerce Finland at the beginning of November.<br\/><\/p>\n\n\n\n<p>Ville Simola has diverse experience in digital business, innovations and startups. He also has unique experience in managing community organizations. Ville joins the company from the position of CEO at Maria 01. Mirva Sandstr\u00f6m has been appointed Digital Commerce Director. Sandstr\u00f6m has extensive experience in the development of digital services and e-commerce, and most recently, she has been responsible for IKEA Finland&#8217;s e-commerce business.<br\/><\/p>\n\n\n\n<p>\u201cIt&#8217;s more of a community than a business, and we warmly welcome anyone interested in the development of digital commerce!\u201d say Simola and Sandstr\u00f6m.<br\/>The launch of the community is supported by six founding organizations: the Finnish Commerce Federation, Keskisuomalainen, Paytrail, Posti, Sanoma and the Association for Finnish Work. These and future partners enable the community to provide, among other things, primarily free services, events and training.<br\/><\/p>\n\n\n\n<p><strong>Digital commerce is a huge opportunity for Finland<\/strong><\/p>\n\n\n\n<p>Business Finland has significantly supported the development of the commerce sector through program activities: eCom Growth (2016\u20132018) and Experience Commerce Finland (2019\u20132023) have helped more than 500 companies to grow, internationalize and develop digital commerce in a customer-oriented manner. Digital Commerce Finland is building a direct continuum for the program that will end this year.<\/p>\n\n\n\n<p><br\/>\u201cThe eCom Growth and Experience Commerce programs have created a whole new culture of international commerce in this country, based on peer support and working together. This work will continue and be strengthened by the new community,\u201d says Business Finland\u2019s Aija Kalander, Head of the Experience Commerce Finland program.<\/p>\n\n\n\n<p><br\/>While digital commerce is quite dominated by global giants, every Finnish company still has a genuine chance of success,\u201d says Leevi Parsama, Chair of the Board of Digital Commerce Finland. \u201cThere is only one door to every store in the world and each person holds it in their hands every day: the smartphone. The company that understands its customers best, recognizes its own competitive advantages and is able to create an excellent customer experience from the first click onward succeeds in the market. Finland&#8217;s top online stores already know this, but the new Digital Commerce Finland wants to help all Finnish companies grow,\u201d Parsama continues.<br\/><\/p>\n\n\n\n<p><strong>Success is built on an active and enthusiastic community<\/strong><\/p>\n\n\n\n<p>The operations of Digital Commerce Finland are centered around online stores, brands and SMEs of the commercial sector. Various parties with strong ties to digital trade and its success in Finland, such as service providers, educational institutions, organizations, public sector players, development companies and private equity firms, will also be widely invited to join the activities. The operations will start gradually during the fall of 2023.<\/p>\n\n\n\n<p><br\/>Digital Commerce Finland has also been granted the right to use the Finnish Social Enterprise Mark as an indication that the company has been established to promote social interests and that it uses most of its profits to promote its societal goal.<\/p>\n\n\n\n<p><br\/>\u201cOur success is built on an active and enthusiastic community. Some of the most essential elements include encounters between experts, the creation of networks, peer support and the resulting, faster learning. Together, we will build the industry&#8217;s competitiveness and growth, as well as its recognition and attractiveness, both in Finland and internationally,\u201d says Mirva Sandstr\u00f6m.<\/p>\n\n\n\n<p><br\/>Products and services are built for players at different stages of growth. The service package particularly includes events and training on current topics. There are also plans to build a dedicated meeting space for online retailers, including an e-commerce accelerator for promising growth companies.<\/p>\n\n\n\n<p><br\/>\u201cThe community will also continue and further develop the online retailer clubs created in the Experience Commerce program, which have received excellent feedback. Currently, there are as many as 22 clubs operating in different parts of Finland, joined by more than 200 companies,\u201d says Mirva Sandstr\u00f6m.<br\/><\/p>\n\n\n\n<p>Sandstr\u00f6m looks forward to hearing from companies interested in joining the community or partnership packages.<\/p>\n\n\n\n<p><br\/>For further information, please contact:<\/p>\n\n\n\n<ul class=\"wp-block-list\">\n<li>Leevi Parsama, Chair of the Board, Digital Commerce Finland, tel. +358 40 528 9001, leevi.parsama(at)digitalcommerce.fi tel. +358 40 528 9001, leevi.parsama(at)digitalcommerce.fi<\/li>\n\n\n\n<li>Companies and partners interested in the program: Mirva Sandstr\u00f6m, Digital Commerce Director, Digital Commerce Finland, mirva.sandstrom(at)digitalcommerce.fi, tel. +358 400 984 141 0400 984 141<\/li>\n\n\n\n<li>Website of Digital Commerce Finland: www.digitalcommerce.fi<\/li>\n<\/ul>\n\n\n\n<p>Digital Commerce Finland is a new societal and collaborative company that helps digital commerce grow faster. Its goal is to build the world&#8217;s most competitive digital commerce community in Finland. The launch of the community is supported by six founding organizations: the Finnish Commerce Federation, Keskisuomalainen, Paytrail, Posti, Sanoma and the Association for Finnish Work. www.digitalcommerce.fi<\/p>\n<\/div><\/div>\n\n<\/div><\/div>","protected":false},"excerpt":{"rendered":"<p>Media release 19.9.2023 Digital Commerce Finland launches its operations \u2013 aiming to create the world&#8217;s most competitive community of digital commerce in Finland Digital Commerce Finland wants to accelerate the growth of digital commerce. The new community will include online stores and SMEs of the commercial sector as well as a wide range of parties&#8230;<\/p>\n","protected":false},"author":1,"featured_media":0,"parent":0,"menu_order":0,"comment_status":"closed","ping_status":"closed","template":"","meta":{"_acf_changed":false,"content-type":"","inline_featured_image":false,"_kad_blocks_custom_css":"","_kad_blocks_head_custom_js":"","_kad_blocks_body_custom_js":"","_kad_blocks_footer_custom_js":"","_kadence_starter_templates_imported_post":false,"_kad_post_transparent":"","_kad_post_title":"","_kad_post_layout":"","_kad_post_sidebar_id":"","_kad_post_content_style":"","_kad_post_vertical_padding":"","_kad_post_feature":"","_kad_post_feature_position":"","_kad_post_header":false,"_kad_post_footer":false,"footnotes":""},"class_list":["post-533","page","type-page","status-publish","hentry"],"acf":[],"yoast_head":"<!-- This site is optimized with the Yoast SEO plugin v27.0 - https:\/\/yoast.com\/product\/yoast-seo-wordpress\/ -->\n<title>Media release - Digital Commerce Finland<\/title>\n<meta name=\"robots\" content=\"index, follow, max-snippet:-1, max-image-preview:large, max-video-preview:-1\" \/>\n<link rel=\"canonical\" href=\"https:\/\/digitalcommerce.fi\/en\/media-release\/\" \/>\n<meta property=\"og:locale\" content=\"en_US\" \/>\n<meta property=\"og:type\" content=\"article\" \/>\n<meta property=\"og:title\" content=\"Media release - Digital Commerce Finland\" \/>\n<meta property=\"og:description\" content=\"Media release 19.9.2023 Digital Commerce Finland launches its operations \u2013 aiming to create the world&#8217;s most competitive community of digital commerce in Finland Digital Commerce Finland wants to accelerate the growth of digital commerce. The new community will include online stores and SMEs of the commercial sector as well as a wide range of parties...\" \/>\n<meta property=\"og:url\" content=\"https:\/\/digitalcommerce.fi\/en\/media-release\/\" \/>\n<meta property=\"og:site_name\" content=\"Digital Commerce Finland\" \/>\n<meta property=\"article:modified_time\" content=\"2023-09-18T14:19:42+00:00\" \/>\n<meta name=\"twitter:card\" content=\"summary_large_image\" \/>\n<meta name=\"twitter:label1\" content=\"Est. reading time\" \/>\n\t<meta name=\"twitter:data1\" content=\"5 minutes\" \/>\n<script type=\"application\/ld+json\" class=\"yoast-schema-graph\">{\"@context\":\"https:\/\/schema.org\",\"@graph\":[{\"@type\":\"WebPage\",\"@id\":\"https:\/\/digitalcommerce.fi\/en\/media-release\/\",\"url\":\"https:\/\/digitalcommerce.fi\/en\/media-release\/\",\"name\":\"Media release - Digital Commerce Finland\",\"isPartOf\":{\"@id\":\"https:\/\/digitalcommerce.fi\/#website\"},\"datePublished\":\"2023-09-14T15:17:45+00:00\",\"dateModified\":\"2023-09-18T14:19:42+00:00\",\"breadcrumb\":{\"@id\":\"https:\/\/digitalcommerce.fi\/en\/media-release\/#breadcrumb\"},\"inLanguage\":\"en-US\",\"potentialAction\":[{\"@type\":\"ReadAction\",\"target\":[\"https:\/\/digitalcommerce.fi\/en\/media-release\/\"]}]},{\"@type\":\"BreadcrumbList\",\"@id\":\"https:\/\/digitalcommerce.fi\/en\/media-release\/#breadcrumb\",\"itemListElement\":[{\"@type\":\"ListItem\",\"position\":1,\"name\":\"Home\",\"item\":\"https:\/\/digitalcommerce.fi\/en\/\"},{\"@type\":\"ListItem\",\"position\":2,\"name\":\"Media release\"}]},{\"@type\":\"WebSite\",\"@id\":\"https:\/\/digitalcommerce.fi\/#website\",\"url\":\"https:\/\/digitalcommerce.fi\/\",\"name\":\"Digital Commerce Finland\",\"description\":\"Rakennamme maailman kilpailukykyisint\u00e4 digitaalisen kaupan yhteis\u00f6\u00e4\",\"publisher\":{\"@id\":\"https:\/\/digitalcommerce.fi\/#organization\"},\"potentialAction\":[{\"@type\":\"SearchAction\",\"target\":{\"@type\":\"EntryPoint\",\"urlTemplate\":\"https:\/\/digitalcommerce.fi\/?s={search_term_string}\"},\"query-input\":{\"@type\":\"PropertyValueSpecification\",\"valueRequired\":true,\"valueName\":\"search_term_string\"}}],\"inLanguage\":\"en-US\"},{\"@type\":\"Organization\",\"@id\":\"https:\/\/digitalcommerce.fi\/#organization\",\"name\":\"Digital Commerce Finland\",\"url\":\"https:\/\/digitalcommerce.fi\/\",\"logo\":{\"@type\":\"ImageObject\",\"inLanguage\":\"en-US\",\"@id\":\"https:\/\/digitalcommerce.fi\/#\/schema\/logo\/image\/\",\"url\":\"https:\/\/digitalcommerce.fi\/wp-content\/uploads\/2023\/09\/dcf-logo.svg\",\"contentUrl\":\"https:\/\/digitalcommerce.fi\/wp-content\/uploads\/2023\/09\/dcf-logo.svg\",\"width\":231,\"height\":57,\"caption\":\"Digital Commerce Finland\"},\"image\":{\"@id\":\"https:\/\/digitalcommerce.fi\/#\/schema\/logo\/image\/\"}}]}<\/script>\n<!-- \/ Yoast SEO plugin. -->","yoast_head_json":{"title":"Media release - Digital Commerce Finland","robots":{"index":"index","follow":"follow","max-snippet":"max-snippet:-1","max-image-preview":"max-image-preview:large","max-video-preview":"max-video-preview:-1"},"canonical":"https:\/\/digitalcommerce.fi\/en\/media-release\/","og_locale":"en_US","og_type":"article","og_title":"Media release - Digital Commerce Finland","og_description":"Media release 19.9.2023 Digital Commerce Finland launches its operations \u2013 aiming to create the world&#8217;s most competitive community of digital commerce in Finland Digital Commerce Finland wants to accelerate the growth of digital commerce. The new community will include online stores and SMEs of the commercial sector as well as a wide range of parties...","og_url":"https:\/\/digitalcommerce.fi\/en\/media-release\/","og_site_name":"Digital Commerce Finland","article_modified_time":"2023-09-18T14:19:42+00:00","twitter_card":"summary_large_image","twitter_misc":{"Est. reading time":"5 minutes"},"schema":{"@context":"https:\/\/schema.org","@graph":[{"@type":"WebPage","@id":"https:\/\/digitalcommerce.fi\/en\/media-release\/","url":"https:\/\/digitalcommerce.fi\/en\/media-release\/","name":"Media release - Digital Commerce Finland","isPartOf":{"@id":"https:\/\/digitalcommerce.fi\/#website"},"datePublished":"2023-09-14T15:17:45+00:00","dateModified":"2023-09-18T14:19:42+00:00","breadcrumb":{"@id":"https:\/\/digitalcommerce.fi\/en\/media-release\/#breadcrumb"},"inLanguage":"en-US","potentialAction":[{"@type":"ReadAction","target":["https:\/\/digitalcommerce.fi\/en\/media-release\/"]}]},{"@type":"BreadcrumbList","@id":"https:\/\/digitalcommerce.fi\/en\/media-release\/#breadcrumb","itemListElement":[{"@type":"ListItem","position":1,"name":"Home","item":"https:\/\/digitalcommerce.fi\/en\/"},{"@type":"ListItem","position":2,"name":"Media release"}]},{"@type":"WebSite","@id":"https:\/\/digitalcommerce.fi\/#website","url":"https:\/\/digitalcommerce.fi\/","name":"Digital Commerce Finland","description":"Rakennamme maailman kilpailukykyisint\u00e4 digitaalisen kaupan yhteis\u00f6\u00e4","publisher":{"@id":"https:\/\/digitalcommerce.fi\/#organization"},"potentialAction":[{"@type":"SearchAction","target":{"@type":"EntryPoint","urlTemplate":"https:\/\/digitalcommerce.fi\/?s={search_term_string}"},"query-input":{"@type":"PropertyValueSpecification","valueRequired":true,"valueName":"search_term_string"}}],"inLanguage":"en-US"},{"@type":"Organization","@id":"https:\/\/digitalcommerce.fi\/#organization","name":"Digital Commerce Finland","url":"https:\/\/digitalcommerce.fi\/","logo":{"@type":"ImageObject","inLanguage":"en-US","@id":"https:\/\/digitalcommerce.fi\/#\/schema\/logo\/image\/","url":"https:\/\/digitalcommerce.fi\/wp-content\/uploads\/2023\/09\/dcf-logo.svg","contentUrl":"https:\/\/digitalcommerce.fi\/wp-content\/uploads\/2023\/09\/dcf-logo.svg","width":231,"height":57,"caption":"Digital Commerce Finland"},"image":{"@id":"https:\/\/digitalcommerce.fi\/#\/schema\/logo\/image\/"}}]}},"taxonomy_info":[],"featured_image_src_large":false,"author_info":{"display_name":"Stoked-admin","author_link":"https:\/\/digitalcommerce.fi\/en\/author\/stoked-admin\/"},"comment_info":0,"_links":{"self":[{"href":"https:\/\/digitalcommerce.fi\/en\/wp-json\/wp\/v2\/pages\/533","targetHints":{"allow":["GET"]}}],"collection":[{"href":"https:\/\/digitalcommerce.fi\/en\/wp-json\/wp\/v2\/pages"}],"about":[{"href":"https:\/\/digitalcommerce.fi\/en\/wp-json\/wp\/v2\/types\/page"}],"author":[{"embeddable":true,"href":"https:\/\/digitalcommerce.fi\/en\/wp-json\/wp\/v2\/users\/1"}],"replies":[{"embeddable":true,"href":"https:\/\/digitalcommerce.fi\/en\/wp-json\/wp\/v2\/comments?post=533"}],"version-history":[{"count":25,"href":"https:\/\/digitalcommerce.fi\/en\/wp-json\/wp\/v2\/pages\/533\/revisions"}],"predecessor-version":[{"id":594,"href":"https:\/\/digitalcommerce.fi\/en\/wp-json\/wp\/v2\/pages\/533\/revisions\/594"}],"wp:attachment":[{"href":"https:\/\/digitalcommerce.fi\/en\/wp-json\/wp\/v2\/media?parent=533"}],"curies":[{"name":"wp","href":"https:\/\/api.w.org\/{rel}","templated":true}]}}